{"id":1040,"date":"2025-05-16T20:21:41","date_gmt":"2025-05-16T17:21:41","guid":{"rendered":"https:\/\/riburada.tsirkusetalu.com\/leader-project\/"},"modified":"2025-05-18T15:33:49","modified_gmt":"2025-05-18T12:33:49","slug":"leader-project","status":"publish","type":"page","link":"https:\/\/riburada.eu\/en\/leader-project\/","title":{"rendered":"Leader project"},"content":{"rendered":"\t\t<div data-elementor-type=\"wp-page\" data-elementor-id=\"1040\" class=\"elementor elementor-1040 elementor-689\" data-elementor-post-type=\"page\">\n\t\t\t\t\t\t<section class=\"elementor-section elementor-top-section elementor-element elementor-element-57a30342 elementor-section-boxed elementor-section-height-default elementor-section-height-default\" data-id=\"57a30342\" data-element_type=\"section\">\n\t\t\t\t\t\t<div class=\"elementor-container elementor-column-gap-default\">\n\t\t\t\t\t<div class=\"elementor-column elementor-col-100 elementor-top-column elementor-element elementor-element-9b61960\" data-id=\"9b61960\" data-element_type=\"column\">\n\t\t\t<div class=\"elementor-widget-wrap elementor-element-populated\">\n\t\t\t\t\t\t<div class=\"elementor-element elementor-element-0fea71b elementor-widget elementor-widget-heading\" data-id=\"0fea71b\" data-element_type=\"widget\" data-widget_type=\"heading.default\">\n\t\t\t\t<div class=\"elementor-widget-container\">\n\t\t\t\t\t<h2 class=\"elementor-heading-title elementor-size-default\">Leader projekt<\/h2>\t\t\t\t<\/div>\n\t\t\t\t<\/div>\n\t\t\t\t<div class=\"elementor-element elementor-element-7de566f9 elementor-widget elementor-widget-text-editor\" data-id=\"7de566f9\" data-element_type=\"widget\" data-widget_type=\"text-editor.default\">\n\t\t\t\t<div class=\"elementor-widget-container\">\n\t\t\t\t\t\t\t\t\t<p>OTSUS nr 13-21.2\/22\/2225 alusel sai <strong>Eesti tantsu- ja tsirkuseteraapia liit<\/strong> Eesti maaelu arengukava 2014-2020 \u00fchise p\u00f5llumajanduspoliitikaga kaasneva maaelu arengu toetuse meetme 19.2 taotluse osalise rahuldamise ning toetuse m\u00e4\u00e4ramise osaliseks.<\/p>\n\n<p><strong>PROJEKTI NIMI<\/strong><br>\n<strong>Luidja tsirkusetalu residentuuri kultuuripark<\/strong> ehk <strong>RIBURADA METSAM\u00c4NGUDE PARK<\/strong><\/p>\n\n<p><strong>Projekti peamine eesm\u00e4rk<\/strong> on vaba aega sisustav, aktiivsust ja loovust soodustav, kultuuris\u00fcndmuseid pakkuv, kohapaikset keskkonda ja liigirikkust tutvustav, kohaturundust v\u00f5imaldav keskkond\/park peredele, gruppidele, turistidele, kohalikele elanikele.<\/p>\n\n<p>Projekti kaudsem eesm\u00e4rk on aidata kaasa K\u00f5rgessaare piirkonna eluj\u00f5ulisuse j\u00e4tkusuutlikule arendamisele, piirkonna kultuurilis-loodusliku erip\u00e4ra rakendamisele, piirkonna aktiviseerimiseks ja populariseerimiseks.<\/p>\n\n<p>Pargi loomine t\u00f5i kokku spetsialistid kolmest erineva kogemusega sotsiaalse ettev\u00f5tluse vormist. See andis v\u00f5imaluse vahetada teadmisi ja kogemusi, rikastada oskustebaasi. Hiiumaal tegutsev Eesti tantsu- ja tsirkuseteraapia liit saab omandatud teadmisi kohapeal jagada ja kasutada.<\/p>\n\n<p>Metsam\u00e4ngude pargi loomisel\/ehitamisel kohtusid omavahel erinevate valdkondade spetsialistid (kunstnikud, maastikuehitajad, ps\u00fchholoogid, sotsiaalt\u00f6\u00f6tajad jmt), erivajadusega inimesed ja kohalikud vabatahtlikud, mis v\u00f5imaldas valdkondade \u00fclest koost\u00f6\u00f6d parima tulemuse huvides.<\/p>\n\n<p><strong>PROJEKTI TULEMUSED<\/strong><br>\nRiburada metsam\u00e4ngude park sisaldab <strong>p\u00fcsiinstallatsioone<\/strong> ja <strong>tegevusi<\/strong>, mis moel v\u00f5i teisel peegeldavad kohapaikset <strong>kultuuri<\/strong>, <strong>looduslikke<\/strong> erip\u00e4rasid, pakub v\u00f5imalusi <strong>elamuste<\/strong> kogemiseks, <strong>kehaliseks<\/strong> aktiivsuseks, <strong>hariduseks<\/strong>, <strong>m\u00f5tteviisi<\/strong> muutumiseks aastaringselt.<\/p>\n\n<p>Park koosneb nelja t\u00fc\u00fcpi <strong>m\u00e4ngudest<\/strong> (sensomotoorika, <em>aglity<\/em> treening, sotsiaalsed ja m\u00f5ttem\u00e4ngud), <strong>taimerajast<\/strong>, <strong>skulptuuridest<\/strong> ja <strong>taiestest<\/strong>, neid \u00fchendavatest radadest ja vaadetest.<\/p>\n\n<p>Suurem osa n\u00e4htavast loomingust p\u00e4rineb ringmajanduse produktidest.<\/p>\n\n<p>Pargis korraldatakse <strong>s\u00fcndmusi<\/strong>, mis tutvustavad pargi v\u00f5imalusi, toovad kokku kunstnikke, v\u00f5imaldavad kaasamist ja integratsiooni erinevate v\u00f5imetega inimestele.<\/p>\n\n<p>Park on <strong>avatud<\/strong> ainult <strong>BRONEERIMISEL<\/strong>.<\/p>\t\t\t\t\t\t\t\t<\/div>\n\t\t\t\t<\/div>\n\t\t\t\t<div class=\"elementor-element elementor-element-87d8996 elementor-widget elementor-widget-image\" data-id=\"87d8996\" data-element_type=\"widget\" data-widget_type=\"image.default\">\n\t\t\t\t<div class=\"elementor-widget-container\">\n\t\t\t\t\t\t\t\t\t\t\t\t\t\t\t<img fetchpriority=\"high\" decoding=\"async\" width=\"800\" height=\"166\" src=\"https:\/\/riburada.eu\/wp-content\/uploads\/2025\/05\/uus-horis-2016-1024x212.jpg\" class=\"attachment-large size-large wp-image-1358\" alt=\"\" srcset=\"https:\/\/riburada.eu\/wp-content\/uploads\/2025\/05\/uus-horis-2016-1024x212.jpg 1024w, https:\/\/riburada.eu\/wp-content\/uploads\/2025\/05\/uus-horis-2016-300x62.jpg 300w, https:\/\/riburada.eu\/wp-content\/uploads\/2025\/05\/uus-horis-2016-768x159.jpg 768w, https:\/\/riburada.eu\/wp-content\/uploads\/2025\/05\/uus-horis-2016-600x124.jpg 600w, https:\/\/riburada.eu\/wp-content\/uploads\/2025\/05\/uus-horis-2016.jpg 1529w\" sizes=\"(max-width: 800px) 100vw, 800px\" \/>\t\t\t\t\t\t\t\t\t\t\t\t\t\t\t<\/div>\n\t\t\t\t<\/div>\n\t\t\t\t\t<\/div>\n\t\t<\/div>\n\t\t\t\t\t<\/div>\n\t\t<\/section>\n\t\t\t\t<\/div>\n\t\t","protected":false},"excerpt":{"rendered":"<p>Leader projekt OTSUS nr 13-21.2\/22\/2225 alusel sai Eesti tantsu- ja tsirkuseteraapia liit Eesti maaelu arengukava 2014-2020 \u00fchise p\u00f5llumajanduspoliitikaga kaasneva maaelu arengu toetuse meetme 19.2 taotluse osalise rahuldamise ning toetuse m\u00e4\u00e4ramise osaliseks. PROJEKTI NIMI Luidja tsirkusetalu residentuuri kultuuripark ehk RIBURADA METSAM\u00c4NGUDE PARK Projekti peamine eesm\u00e4rk on vaba aega sisustav, aktiivsust ja loovust soodustav, kultuuris\u00fcndmuseid pakkuv, kohapaikset [&hellip;]<\/p>\n","protected":false},"author":2,"featured_media":0,"parent":0,"menu_order":0,"comment_status":"closed","ping_status":"closed","template":"","meta":{"footnotes":""},"class_list":["post-1040","page","type-page","status-publish","hentry"],"_links":{"self":[{"href":"https:\/\/riburada.eu\/en\/wp-json\/wp\/v2\/pages\/1040","targetHints":{"allow":["GET"]}}],"collection":[{"href":"https:\/\/riburada.eu\/en\/wp-json\/wp\/v2\/pages"}],"about":[{"href":"https:\/\/riburada.eu\/en\/wp-json\/wp\/v2\/types\/page"}],"author":[{"embeddable":true,"href":"https:\/\/riburada.eu\/en\/wp-json\/wp\/v2\/users\/2"}],"replies":[{"embeddable":true,"href":"https:\/\/riburada.eu\/en\/wp-json\/wp\/v2\/comments?post=1040"}],"version-history":[{"count":5,"href":"https:\/\/riburada.eu\/en\/wp-json\/wp\/v2\/pages\/1040\/revisions"}],"predecessor-version":[{"id":1410,"href":"https:\/\/riburada.eu\/en\/wp-json\/wp\/v2\/pages\/1040\/revisions\/1410"}],"wp:attachment":[{"href":"https:\/\/riburada.eu\/en\/wp-json\/wp\/v2\/media?parent=1040"}],"curies":[{"name":"wp","href":"https:\/\/api.w.org\/{rel}","templated":true}]}}